	{"id":748,"date":"2024-01-17T13:37:36","date_gmt":"2024-01-17T12:37:36","guid":{"rendered":"https:\/\/machepizza.ch\/ueber-uns\/"},"modified":"2026-02-17T01:18:28","modified_gmt":"2026-02-17T00:18:28","slug":"ueber-uns","status":"publish","type":"page","link":"https:\/\/machepizza.ch\/de\/ueber-uns\/","title":{"rendered":"\u00dcber uns"},"content":{"rendered":"\t\t<div data-elementor-type=\"wp-page\" data-elementor-id=\"748\" class=\"elementor elementor-748 elementor-302\" data-elementor-post-type=\"page\">\n\t\t\t\t<div class=\"elementor-element elementor-element-37224a5 e-flex e-con-boxed e-con e-parent\" data-id=\"37224a5\" data-element_type=\"container\" data-e-type=\"container\" data-settings=\"{&quot;background_background&quot;:&quot;classic&quot;}\">\n\t\t\t\t\t<div class=\"e-con-inner\">\n\t\t\t\t\t<\/div>\n\t\t\t\t<\/div>\n\t\t<div class=\"elementor-element elementor-element-0a05b37 e-flex e-con-boxed e-con e-parent\" data-id=\"0a05b37\" data-element_type=\"container\" data-e-type=\"container\" data-settings=\"{&quot;background_background&quot;:&quot;classic&quot;}\">\n\t\t\t\t\t<div class=\"e-con-inner\">\n\t\t<div class=\"elementor-element elementor-element-64aa89f e-con-full elementor-hidden-tablet elementor-hidden-mobile e-flex e-con e-child\" data-id=\"64aa89f\" data-element_type=\"container\" data-e-type=\"container\">\n\t\t\t\t<div class=\"elementor-element elementor-element-3ba0c2a elementor-widget elementor-widget-video\" data-id=\"3ba0c2a\" data-element_type=\"widget\" data-e-type=\"widget\" data-settings=\"{&quot;video_type&quot;:&quot;hosted&quot;,&quot;autoplay&quot;:&quot;yes&quot;,&quot;play_on_mobile&quot;:&quot;yes&quot;,&quot;controls&quot;:&quot;yes&quot;}\" data-widget_type=\"video.default\">\n\t\t\t\t\t\t\t<div class=\"e-hosted-video elementor-wrapper elementor-open-inline\">\n\t\t\t\t\t<video class=\"elementor-video\" src=\"https:\/\/videos.files.wordpress.com\/gymXZWoq\/machepizza.mp4\" autoplay=\"\" controls=\"\" playsinline=\"\" controlsList=\"nodownload\"><\/video>\n\t\t\t\t<\/div>\n\t\t\t\t\t\t<\/div>\n\t\t\t\t<div class=\"elementor-element elementor-element-9a458b8 elementor-align-center elementor-mobile-align-left animated-slow elementor-invisible elementor-widget elementor-widget-button\" data-id=\"9a458b8\" data-element_type=\"widget\" data-e-type=\"widget\" data-settings=\"{&quot;_animation&quot;:&quot;pulse&quot;}\" data-widget_type=\"button.default\">\n\t\t\t\t\t\t\t\t\t\t<a class=\"elementor-button elementor-button-link elementor-size-sm elementor-animation-pop\" href=\"https:\/\/machepizza.ch\/negozio\/\">\n\t\t\t\t\t\t<span class=\"elementor-button-content-wrapper\">\n\t\t\t\t\t\t\t\t\t<span class=\"elementor-button-text\">ZU HAUSE BESTELLEN<\/span>\n\t\t\t\t\t<\/span>\n\t\t\t\t\t<\/a>\n\t\t\t\t\t\t\t\t<\/div>\n\t\t\t\t<\/div>\n\t\t<div class=\"elementor-element elementor-element-6f2db59 e-con-full e-flex e-con e-child\" data-id=\"6f2db59\" data-element_type=\"container\" data-e-type=\"container\">\n\t\t\t\t<div class=\"elementor-element elementor-element-72181f0 animated-slow elementor-widget elementor-widget-heading\" data-id=\"72181f0\" data-element_type=\"widget\" data-e-type=\"widget\" data-settings=\"{&quot;_animation&quot;:&quot;none&quot;}\" data-widget_type=\"heading.default\">\n\t\t\t\t\t<h2 class=\"elementor-heading-title elementor-size-default\">WER IST MACH PIZZA<\/h2>\t\t\t\t<\/div>\n\t\t\t\t<div class=\"elementor-element elementor-element-ac70d56 animated-slow elementor-widget elementor-widget-text-editor\" data-id=\"ac70d56\" data-element_type=\"widget\" data-e-type=\"widget\" data-settings=\"{&quot;_animation&quot;:&quot;none&quot;}\" data-widget_type=\"text-editor.default\">\n\t\t\t\t\t\t\t\t\t<h3><strong>Sind Sie hungrig? Wir verstehen das. Wir leben von Pizza.  <\/strong><\/h3><p>Wir sind die Pizzeria in Montagnola (Collina d&#8217;Oro), die nicht nur Pizzen macht&#8230; <strong>sie macht runden Zauber, der nach Italien duftet! \ud83c\uddee\ud83c\uddf9<\/strong><\/p><p>Lang aufgehender Teig, frische, liebevoll ausgew\u00e4hlte Zutaten aus dem Tessin und Italien und ein Ofen, der immer bereit ist, <strong>knusprige, saftige K\u00f6stlichkeiten<\/strong> zu produzieren.<br>Alles wird <strong>blitzschnell und immer kostenlos<\/strong> mit unseren \u00d6fen auf R\u00e4dern geliefert, die die Pizza auf dem ganzen Weg zu Ihnen nach Hause hei\u00df und duftend halten!<\/p><p>Ab 2021 haben wir nur noch ein Ziel: <strong>diejenigen gl\u00fccklich zu machen, die echte Pizza lieben<\/strong>.<br>Ob Sie nun ein Fan der klassischen Margherita sind, ein Liebhaber der verr\u00fccktesten Kombinationen oder einfach nur hungrig&#8230; Sie werden hier Ihr Paradies finden.<\/p><p><strong>Worauf warten Sie noch? Kommen Sie zu uns oder bestellen Sie Ihre Lieblingspizza: Die Pizza Ihrer Tr\u00e4ume ist nur ein paar Klicks entfernt! <\/strong><\/p><p><strong>Aber was f\u00fcr eine Pizza&#8230; was f\u00fcr ein Verlangen! \ud83c\udf55<\/strong><\/p>\t\t\t\t\t\t\t\t<\/div>\n\t\t\t\t<div class=\"elementor-element elementor-element-23f23f4 elementor-hidden-desktop elementor-widget elementor-widget-video\" data-id=\"23f23f4\" data-element_type=\"widget\" data-e-type=\"widget\" data-settings=\"{&quot;video_type&quot;:&quot;hosted&quot;,&quot;controls&quot;:&quot;yes&quot;}\" data-widget_type=\"video.default\">\n\t\t\t\t\t\t\t<div class=\"e-hosted-video elementor-wrapper elementor-open-inline\">\n\t\t\t\t\t<video class=\"elementor-video\" src=\"https:\/\/videos.files.wordpress.com\/gymXZWoq\/machepizza.mp4\" controls=\"\" preload=\"metadata\" controlsList=\"nodownload\"><\/video>\n\t\t\t\t<\/div>\n\t\t\t\t\t\t<\/div>\n\t\t<div class=\"elementor-element elementor-element-f189e81 e-con-full elementor-hidden-desktop e-flex e-con e-child\" data-id=\"f189e81\" data-element_type=\"container\" data-e-type=\"container\">\n\t\t\t\t<div class=\"elementor-element elementor-element-f8967b9 elementor-align-center elementor-mobile-align-center animated-slow elementor-invisible elementor-widget elementor-widget-button\" data-id=\"f8967b9\" data-element_type=\"widget\" data-e-type=\"widget\" data-settings=\"{&quot;_animation&quot;:&quot;pulse&quot;}\" data-widget_type=\"button.default\">\n\t\t\t\t\t\t\t\t\t\t<a class=\"elementor-button elementor-button-link elementor-size-sm elementor-animation-pop\" href=\"https:\/\/machepizza.ch\/negozio\/\">\n\t\t\t\t\t\t<span class=\"elementor-button-content-wrapper\">\n\t\t\t\t\t\t\t\t\t<span class=\"elementor-button-text\">ZU HAUSE BESTELLEN<\/span>\n\t\t\t\t\t<\/span>\n\t\t\t\t\t<\/a>\n\t\t\t\t\t\t\t\t<\/div>\n\t\t\t\t<\/div>\n\t\t<div class=\"elementor-element elementor-element-359d49d e-con-full e-flex e-con e-child\" data-id=\"359d49d\" data-element_type=\"container\" data-e-type=\"container\">\n\t\t<div class=\"elementor-element elementor-element-9c90617 e-con-full elementor-hidden-tablet elementor-hidden-mobile e-flex e-con e-child\" data-id=\"9c90617\" data-element_type=\"container\" data-e-type=\"container\">\n\t\t\t\t<div class=\"elementor-element elementor-element-8996c60 elementor-invisible elementor-widget elementor-widget-image\" data-id=\"8996c60\" data-element_type=\"widget\" data-e-type=\"widget\" data-settings=\"{&quot;_animation&quot;:&quot;fadeIn&quot;}\" data-widget_type=\"image.default\">\n\t\t\t\t\t\t\t\t\t\t\t\t\t\t\t<img fetchpriority=\"high\" decoding=\"async\" width=\"800\" height=\"800\" src=\"https:\/\/i0.wp.com\/machepizza.ch\/wp-content\/uploads\/sites\/86\/2025\/07\/chatgpt-image-29-lug-2025-16_16_39.png?fit=800%2C800&amp;ssl=1\" class=\"attachment-large size-large wp-image-2991\" alt=\"chatgpt Bild 29 Jul 2025, 16 16 39\" srcset=\"https:\/\/i0.wp.com\/machepizza.ch\/wp-content\/uploads\/sites\/86\/2025\/07\/chatgpt-image-29-lug-2025-16_16_39.png?w=1024&amp;ssl=1 1024w, https:\/\/i0.wp.com\/machepizza.ch\/wp-content\/uploads\/sites\/86\/2025\/07\/chatgpt-image-29-lug-2025-16_16_39.png?resize=300%2C300&amp;ssl=1 300w, https:\/\/i0.wp.com\/machepizza.ch\/wp-content\/uploads\/sites\/86\/2025\/07\/chatgpt-image-29-lug-2025-16_16_39.png?resize=150%2C150&amp;ssl=1 150w, https:\/\/i0.wp.com\/machepizza.ch\/wp-content\/uploads\/sites\/86\/2025\/07\/chatgpt-image-29-lug-2025-16_16_39.png?resize=768%2C768&amp;ssl=1 768w, https:\/\/i0.wp.com\/machepizza.ch\/wp-content\/uploads\/sites\/86\/2025\/07\/chatgpt-image-29-lug-2025-16_16_39.png?resize=600%2C600&amp;ssl=1 600w, https:\/\/i0.wp.com\/machepizza.ch\/wp-content\/uploads\/sites\/86\/2025\/07\/chatgpt-image-29-lug-2025-16_16_39.png?resize=100%2C100&amp;ssl=1 100w\" sizes=\"(max-width: 800px) 100vw, 800px\" \/>\t\t\t\t\t\t\t\t\t\t\t\t\t\t\t<\/div>\n\t\t\t\t<div class=\"elementor-element elementor-element-060ad82 elementor-align-center elementor-widget elementor-widget-button\" data-id=\"060ad82\" data-element_type=\"widget\" data-e-type=\"widget\" data-widget_type=\"button.default\">\n\t\t\t\t\t\t\t\t\t\t<a class=\"elementor-button elementor-button-link elementor-size-sm\" href=\"https:\/\/machepizza.ch\/wp-content\/uploads\/sites\/86\/2024\/01\/Piadina.pdf\">\n\t\t\t\t\t\t<span class=\"elementor-button-content-wrapper\">\n\t\t\t\t\t\t\t\t\t<span class=\"elementor-button-text\">Schnell und kostenlos<\/span>\n\t\t\t\t\t<\/span>\n\t\t\t\t\t<\/a>\n\t\t\t\t\t\t\t\t<\/div>\n\t\t\t\t<\/div>\n\t\t<div class=\"elementor-element elementor-element-76ae99f e-con-full elementor-hidden-tablet elementor-hidden-mobile e-flex e-con e-child\" data-id=\"76ae99f\" data-element_type=\"container\" data-e-type=\"container\">\n\t\t\t\t<div class=\"elementor-element elementor-element-afdbf9b elementor-widget elementor-widget-image\" data-id=\"afdbf9b\" data-element_type=\"widget\" data-e-type=\"widget\" data-widget_type=\"image.default\">\n\t\t\t\t\t\t\t\t\t\t\t\t\t\t\t<img decoding=\"async\" width=\"800\" height=\"800\" src=\"https:\/\/i0.wp.com\/machepizza.ch\/wp-content\/uploads\/sites\/86\/2025\/07\/chatgpt-image-29-lug-2025-16_11_20-1.png?fit=800%2C800&amp;ssl=1\" class=\"attachment-large size-large wp-image-2983\" alt=\"chatgpt image 29 Jul 2025, 16 11 20 (1)\" srcset=\"https:\/\/i0.wp.com\/machepizza.ch\/wp-content\/uploads\/sites\/86\/2025\/07\/chatgpt-image-29-lug-2025-16_11_20-1.png?w=1024&amp;ssl=1 1024w, https:\/\/i0.wp.com\/machepizza.ch\/wp-content\/uploads\/sites\/86\/2025\/07\/chatgpt-image-29-lug-2025-16_11_20-1.png?resize=300%2C300&amp;ssl=1 300w, https:\/\/i0.wp.com\/machepizza.ch\/wp-content\/uploads\/sites\/86\/2025\/07\/chatgpt-image-29-lug-2025-16_11_20-1.png?resize=150%2C150&amp;ssl=1 150w, https:\/\/i0.wp.com\/machepizza.ch\/wp-content\/uploads\/sites\/86\/2025\/07\/chatgpt-image-29-lug-2025-16_11_20-1.png?resize=768%2C768&amp;ssl=1 768w, https:\/\/i0.wp.com\/machepizza.ch\/wp-content\/uploads\/sites\/86\/2025\/07\/chatgpt-image-29-lug-2025-16_11_20-1.png?resize=600%2C600&amp;ssl=1 600w, https:\/\/i0.wp.com\/machepizza.ch\/wp-content\/uploads\/sites\/86\/2025\/07\/chatgpt-image-29-lug-2025-16_11_20-1.png?resize=100%2C100&amp;ssl=1 100w\" sizes=\"(max-width: 800px) 100vw, 800px\" \/>\t\t\t\t\t\t\t\t\t\t\t\t\t\t\t<\/div>\n\t\t\t\t<div class=\"elementor-element elementor-element-8cd584a elementor-align-center elementor-widget elementor-widget-button\" data-id=\"8cd584a\" data-element_type=\"widget\" data-e-type=\"widget\" data-widget_type=\"button.default\">\n\t\t\t\t\t\t\t\t\t\t<a class=\"elementor-button elementor-button-link elementor-size-sm\" href=\"https:\/\/machepizza.ch\/wp-content\/uploads\/sites\/86\/2024\/01\/Piadina.pdf\">\n\t\t\t\t\t\t<span class=\"elementor-button-content-wrapper\">\n\t\t\t\t\t\t\t\t\t<span class=\"elementor-button-text\">Frische Produkte<\/span>\n\t\t\t\t\t<\/span>\n\t\t\t\t\t<\/a>\n\t\t\t\t\t\t\t\t<\/div>\n\t\t\t\t<\/div>\n\t\t\t\t<\/div>\n\t\t\t\t<\/div>\n\t\t\t\t\t<\/div>\n\t\t\t\t<\/div>\n\t\t<div class=\"elementor-element elementor-element-1277dcc e-flex e-con-boxed e-con e-parent\" data-id=\"1277dcc\" data-element_type=\"container\" data-e-type=\"container\" data-settings=\"{&quot;background_background&quot;:&quot;classic&quot;}\">\n\t\t\t\t\t<div class=\"e-con-inner\">\n\t\t\t\t<div class=\"elementor-element elementor-element-eae44d2 animated-slow elementor-widget elementor-widget-heading\" data-id=\"eae44d2\" data-element_type=\"widget\" data-e-type=\"widget\" data-settings=\"{&quot;_animation&quot;:&quot;none&quot;}\" data-widget_type=\"heading.default\">\n\t\t\t\t\t<h2 class=\"elementor-heading-title elementor-size-default\">WO SIE UNS FINDEN<\/h2>\t\t\t\t<\/div>\n\t\t\t\t\t<\/div>\n\t\t\t\t<\/div>\n\t\t<div class=\"elementor-element elementor-element-3e3040e e-flex e-con-boxed e-con e-parent\" data-id=\"3e3040e\" data-element_type=\"container\" data-e-type=\"container\" data-settings=\"{&quot;background_background&quot;:&quot;classic&quot;}\">\n\t\t\t\t\t<div class=\"e-con-inner\">\n\t\t<div class=\"elementor-element elementor-element-a892086 e-con-full e-flex e-con e-child\" data-id=\"a892086\" data-element_type=\"container\" data-e-type=\"container\" data-settings=\"{&quot;background_background&quot;:&quot;classic&quot;}\">\n\t\t<div class=\"elementor-element elementor-element-956d920 e-con-full e-flex e-con e-child\" data-id=\"956d920\" data-element_type=\"container\" data-e-type=\"container\">\n\t\t\t\t<div class=\"elementor-element elementor-element-20ee2c3 elementor-widget elementor-widget-image\" data-id=\"20ee2c3\" data-element_type=\"widget\" data-e-type=\"widget\" data-widget_type=\"image.default\">\n\t\t\t\t\t\t\t\t\t\t\t\t\t\t\t<img decoding=\"async\" width=\"800\" height=\"585\" src=\"https:\/\/i0.wp.com\/machepizza.ch\/wp-content\/uploads\/sites\/86\/2024\/01\/location-google-mapqs-1024x749-1.png?fit=800%2C585&amp;ssl=1\" class=\"attachment-large size-large wp-image-671\" alt=\"\" srcset=\"https:\/\/i0.wp.com\/machepizza.ch\/wp-content\/uploads\/sites\/86\/2024\/01\/location-google-mapqs-1024x749-1.png?w=1024&amp;ssl=1 1024w, https:\/\/i0.wp.com\/machepizza.ch\/wp-content\/uploads\/sites\/86\/2024\/01\/location-google-mapqs-1024x749-1.png?resize=300%2C219&amp;ssl=1 300w, https:\/\/i0.wp.com\/machepizza.ch\/wp-content\/uploads\/sites\/86\/2024\/01\/location-google-mapqs-1024x749-1.png?resize=768%2C562&amp;ssl=1 768w, https:\/\/i0.wp.com\/machepizza.ch\/wp-content\/uploads\/sites\/86\/2024\/01\/location-google-mapqs-1024x749-1.png?resize=600%2C439&amp;ssl=1 600w\" sizes=\"(max-width: 800px) 100vw, 800px\" \/>\t\t\t\t\t\t\t\t\t\t\t\t\t\t\t<\/div>\n\t\t\t\t<\/div>\n\t\t<div class=\"elementor-element elementor-element-387f251 e-con-full e-flex e-con e-child\" data-id=\"387f251\" data-element_type=\"container\" data-e-type=\"container\">\n\t\t<div class=\"elementor-element elementor-element-a341117 e-con-full e-flex e-con e-child\" data-id=\"a341117\" data-element_type=\"container\" data-e-type=\"container\">\n\t\t<div class=\"elementor-element elementor-element-e88b78e e-con-full e-flex e-con e-child\" data-id=\"e88b78e\" data-element_type=\"container\" data-e-type=\"container\">\n\t\t\t\t<div class=\"elementor-element elementor-element-8d9da58 elementor-widget elementor-widget-image\" data-id=\"8d9da58\" data-element_type=\"widget\" data-e-type=\"widget\" data-widget_type=\"image.default\">\n\t\t\t\t\t\t\t\t\t\t\t\t\t\t\t<img loading=\"lazy\" decoding=\"async\" width=\"800\" height=\"800\" src=\"https:\/\/i0.wp.com\/machepizza.ch\/wp-content\/uploads\/sites\/86\/2025\/07\/chatgpt-image-29-lug-2025-18_23_42.png?fit=800%2C800&amp;ssl=1\" class=\"attachment-large size-large wp-image-3006\" alt=\"chatgpt Bild 29 Jul 2025, 18 23 42\" srcset=\"https:\/\/i0.wp.com\/machepizza.ch\/wp-content\/uploads\/sites\/86\/2025\/07\/chatgpt-image-29-lug-2025-18_23_42.png?w=1024&amp;ssl=1 1024w, https:\/\/i0.wp.com\/machepizza.ch\/wp-content\/uploads\/sites\/86\/2025\/07\/chatgpt-image-29-lug-2025-18_23_42.png?resize=300%2C300&amp;ssl=1 300w, https:\/\/i0.wp.com\/machepizza.ch\/wp-content\/uploads\/sites\/86\/2025\/07\/chatgpt-image-29-lug-2025-18_23_42.png?resize=150%2C150&amp;ssl=1 150w, https:\/\/i0.wp.com\/machepizza.ch\/wp-content\/uploads\/sites\/86\/2025\/07\/chatgpt-image-29-lug-2025-18_23_42.png?resize=768%2C768&amp;ssl=1 768w, https:\/\/i0.wp.com\/machepizza.ch\/wp-content\/uploads\/sites\/86\/2025\/07\/chatgpt-image-29-lug-2025-18_23_42.png?resize=600%2C600&amp;ssl=1 600w, https:\/\/i0.wp.com\/machepizza.ch\/wp-content\/uploads\/sites\/86\/2025\/07\/chatgpt-image-29-lug-2025-18_23_42.png?resize=100%2C100&amp;ssl=1 100w\" sizes=\"(max-width: 800px) 100vw, 800px\" \/>\t\t\t\t\t\t\t\t\t\t\t\t\t\t\t<\/div>\n\t\t\t\t<\/div>\n\t\t<div class=\"elementor-element elementor-element-d942837 e-con-full e-flex e-con e-child\" data-id=\"d942837\" data-element_type=\"container\" data-e-type=\"container\">\n\t\t\t\t<div class=\"elementor-element elementor-element-338cb2c elementor-widget elementor-widget-heading\" data-id=\"338cb2c\" data-element_type=\"widget\" data-e-type=\"widget\" data-widget_type=\"heading.default\">\n\t\t\t\t\t<h2 class=\"elementor-heading-title elementor-size-default\">DIENSTAGS BIS SONNTAGS GE\u00d6FFNET  <\/h2>\t\t\t\t<\/div>\n\t\t\t\t<div class=\"elementor-element elementor-element-7d1a372 elementor-widget elementor-widget-heading\" data-id=\"7d1a372\" data-element_type=\"widget\" data-e-type=\"widget\" data-widget_type=\"heading.default\">\n\t\t\t\t\t<h2 class=\"elementor-heading-title elementor-size-default\">11.30 Uhr bis 14.00 Uhr\nund 17.30 Uhr bis 21.30 Uhr.<\/h2>\t\t\t\t<\/div>\n\t\t\t\t<\/div>\n\t\t\t\t<\/div>\n\t\t<div class=\"elementor-element elementor-element-0d61c48 e-con-full e-flex e-con e-child\" data-id=\"0d61c48\" data-element_type=\"container\" data-e-type=\"container\">\n\t\t<div class=\"elementor-element elementor-element-cc42837 e-con-full e-flex e-con e-child\" data-id=\"cc42837\" data-element_type=\"container\" data-e-type=\"container\">\n\t\t\t\t<div class=\"elementor-element elementor-element-95fe0ea elementor-widget elementor-widget-image\" data-id=\"95fe0ea\" data-element_type=\"widget\" data-e-type=\"widget\" data-widget_type=\"image.default\">\n\t\t\t\t\t\t\t\t\t\t\t\t\t\t\t<img loading=\"lazy\" decoding=\"async\" width=\"800\" height=\"800\" src=\"https:\/\/i0.wp.com\/machepizza.ch\/wp-content\/uploads\/sites\/86\/2025\/08\/icona-del-telefono-rosso-3d-1.png?fit=800%2C800&amp;ssl=1\" class=\"attachment-large size-large wp-image-3449\" alt=\"3d rotes Telefon-Symbol (1)\" srcset=\"https:\/\/i0.wp.com\/machepizza.ch\/wp-content\/uploads\/sites\/86\/2025\/08\/icona-del-telefono-rosso-3d-1.png?w=1024&amp;ssl=1 1024w, https:\/\/i0.wp.com\/machepizza.ch\/wp-content\/uploads\/sites\/86\/2025\/08\/icona-del-telefono-rosso-3d-1.png?resize=300%2C300&amp;ssl=1 300w, https:\/\/i0.wp.com\/machepizza.ch\/wp-content\/uploads\/sites\/86\/2025\/08\/icona-del-telefono-rosso-3d-1.png?resize=150%2C150&amp;ssl=1 150w, https:\/\/i0.wp.com\/machepizza.ch\/wp-content\/uploads\/sites\/86\/2025\/08\/icona-del-telefono-rosso-3d-1.png?resize=768%2C768&amp;ssl=1 768w, https:\/\/i0.wp.com\/machepizza.ch\/wp-content\/uploads\/sites\/86\/2025\/08\/icona-del-telefono-rosso-3d-1.png?resize=600%2C600&amp;ssl=1 600w, https:\/\/i0.wp.com\/machepizza.ch\/wp-content\/uploads\/sites\/86\/2025\/08\/icona-del-telefono-rosso-3d-1.png?resize=100%2C100&amp;ssl=1 100w\" sizes=\"(max-width: 800px) 100vw, 800px\" \/>\t\t\t\t\t\t\t\t\t\t\t\t\t\t\t<\/div>\n\t\t\t\t<\/div>\n\t\t<div class=\"elementor-element elementor-element-f7b84b5 e-con-full e-flex e-con e-child\" data-id=\"f7b84b5\" data-element_type=\"container\" data-e-type=\"container\">\n\t\t\t\t<div class=\"elementor-element elementor-element-0fec84d elementor-widget elementor-widget-heading\" data-id=\"0fec84d\" data-element_type=\"widget\" data-e-type=\"widget\" data-widget_type=\"heading.default\">\n\t\t\t\t\t<h2 class=\"elementor-heading-title elementor-size-default\">KONTAKTIEREN SIE UNS OHNE ZU Z\u00d6GERN<\/h2>\t\t\t\t<\/div>\n\t\t\t\t<div class=\"elementor-element elementor-element-9e28d2c elementor-widget elementor-widget-text-editor\" data-id=\"9e28d2c\" data-element_type=\"widget\" data-e-type=\"widget\" data-widget_type=\"text-editor.default\">\n\t\t\t\t\t\t\t\t\t<p><a href=\"tel:+41%2091%20980%2035%2025\">+41 91 980 35 25<\/a><\/p>\t\t\t\t\t\t\t\t<\/div>\n\t\t\t\t<\/div>\n\t\t\t\t<\/div>\n\t\t<div class=\"elementor-element elementor-element-380a615 e-con-full e-flex e-con e-child\" data-id=\"380a615\" data-element_type=\"container\" data-e-type=\"container\">\n\t\t<div class=\"elementor-element elementor-element-8015924 e-con-full e-flex e-con e-child\" data-id=\"8015924\" data-element_type=\"container\" data-e-type=\"container\">\n\t\t\t\t<div class=\"elementor-element elementor-element-a6339c3 elementor-widget elementor-widget-image\" data-id=\"a6339c3\" data-element_type=\"widget\" data-e-type=\"widget\" data-widget_type=\"image.default\">\n\t\t\t\t\t\t\t\t\t\t\t\t\t\t\t<img loading=\"lazy\" decoding=\"async\" width=\"800\" height=\"800\" src=\"https:\/\/i0.wp.com\/machepizza.ch\/wp-content\/uploads\/sites\/86\/2025\/08\/chatgpt-image-1-ago-2025-15_18_08-1.png?fit=800%2C800&amp;ssl=1\" class=\"attachment-large size-large wp-image-3454\" alt=\"chatgpt image 1 Aug 2025, 15 18 08 (1)\" srcset=\"https:\/\/i0.wp.com\/machepizza.ch\/wp-content\/uploads\/sites\/86\/2025\/08\/chatgpt-image-1-ago-2025-15_18_08-1.png?w=1024&amp;ssl=1 1024w, https:\/\/i0.wp.com\/machepizza.ch\/wp-content\/uploads\/sites\/86\/2025\/08\/chatgpt-image-1-ago-2025-15_18_08-1.png?resize=300%2C300&amp;ssl=1 300w, https:\/\/i0.wp.com\/machepizza.ch\/wp-content\/uploads\/sites\/86\/2025\/08\/chatgpt-image-1-ago-2025-15_18_08-1.png?resize=150%2C150&amp;ssl=1 150w, https:\/\/i0.wp.com\/machepizza.ch\/wp-content\/uploads\/sites\/86\/2025\/08\/chatgpt-image-1-ago-2025-15_18_08-1.png?resize=768%2C768&amp;ssl=1 768w, https:\/\/i0.wp.com\/machepizza.ch\/wp-content\/uploads\/sites\/86\/2025\/08\/chatgpt-image-1-ago-2025-15_18_08-1.png?resize=600%2C600&amp;ssl=1 600w, https:\/\/i0.wp.com\/machepizza.ch\/wp-content\/uploads\/sites\/86\/2025\/08\/chatgpt-image-1-ago-2025-15_18_08-1.png?resize=100%2C100&amp;ssl=1 100w\" sizes=\"(max-width: 800px) 100vw, 800px\" \/>\t\t\t\t\t\t\t\t\t\t\t\t\t\t\t<\/div>\n\t\t\t\t<\/div>\n\t\t<div class=\"elementor-element elementor-element-f621bda e-con-full e-flex e-con e-child\" data-id=\"f621bda\" data-element_type=\"container\" data-e-type=\"container\">\n\t\t\t\t<div class=\"elementor-element elementor-element-b66d07c elementor-widget elementor-widget-heading\" data-id=\"b66d07c\" data-element_type=\"widget\" data-e-type=\"widget\" data-widget_type=\"heading.default\">\n\t\t\t\t\t<h2 class=\"elementor-heading-title elementor-size-default\">POSITION<\/h2>\t\t\t\t<\/div>\n\t\t\t\t<div class=\"elementor-element elementor-element-acba0dd elementor-widget elementor-widget-text-editor\" data-id=\"acba0dd\" data-element_type=\"widget\" data-e-type=\"widget\" data-widget_type=\"text-editor.default\">\n\t\t\t\t\t\t\t\t\t<p>Piazza Brocchi 1, 6926 Montangola, Collina d&#8217;Oro<\/p>\t\t\t\t\t\t\t\t<\/div>\n\t\t\t\t<\/div>\n\t\t\t\t<\/div>\n\t\t\t\t<\/div>\n\t\t\t\t<\/div>\n\t\t\t\t\t<\/div>\n\t\t\t\t<\/div>\n\t\t\t\t<\/div>\n\t\t","protected":false},"excerpt":{"rendered":"<p>https:\/\/videos.files.wordpress.com\/gymXZWoq\/machepizza.mp4 ZU HAUSE BESTELLEN WER IST MACH PIZZA Sind Sie hungrig? Wir verstehen das. Wir leben von Pizza. Wir sind die Pizzeria in Montagnola (Collina d&#8217;Oro), die nicht nur Pizzen macht&#8230; sie macht runden Zauber, der nach Italien duftet! \ud83c\uddee\ud83c\uddf9 Lang aufgehender Teig, frische, liebevoll ausgew\u00e4hlte Zutaten aus dem Tessin und Italien und ein Ofen, [&hellip;]<\/p>\n","protected":false},"author":4,"featured_media":0,"parent":0,"menu_order":0,"comment_status":"closed","ping_status":"open","template":"","meta":{"_acf_changed":false,"_seopress_robots_primary_cat":"","_seopress_titles_title":"\u00dcber uns %%sep%% %%sitetitle%%","_seopress_titles_desc":"Wir sind eine Pizzeria in Montagnola Collina d'oro im Tessin und bieten frische Produkte und eine schnelle, kostenlose Lieferung. Unsere Leidenschaft f\u00fcr Pizza r\u00fchrt von unserer italienischen Herkunft und unserem Wunsch her, den Geschmack und die Tradition der Pizza in diese Gegend zu bringen. ","_seopress_robots_index":"","_seopress_analysis_target_kw":"","footnotes":""},"class_list":["post-748","page","type-page","status-publish","hentry"],"acf":[],"jetpack_sharing_enabled":true,"_links":{"self":[{"href":"https:\/\/machepizza.ch\/de\/wp-json\/wp\/v2\/pages\/748","targetHints":{"allow":["GET"]}}],"collection":[{"href":"https:\/\/machepizza.ch\/de\/wp-json\/wp\/v2\/pages"}],"about":[{"href":"https:\/\/machepizza.ch\/de\/wp-json\/wp\/v2\/types\/page"}],"author":[{"embeddable":true,"href":"https:\/\/machepizza.ch\/de\/wp-json\/wp\/v2\/users\/4"}],"replies":[{"embeddable":true,"href":"https:\/\/machepizza.ch\/de\/wp-json\/wp\/v2\/comments?post=748"}],"version-history":[{"count":2,"href":"https:\/\/machepizza.ch\/de\/wp-json\/wp\/v2\/pages\/748\/revisions"}],"predecessor-version":[{"id":4761,"href":"https:\/\/machepizza.ch\/de\/wp-json\/wp\/v2\/pages\/748\/revisions\/4761"}],"wp:attachment":[{"href":"https:\/\/machepizza.ch\/de\/wp-json\/wp\/v2\/media?parent=748"}],"curies":[{"name":"wp","href":"https:\/\/api.w.org\/{rel}","templated":true}]}}