	{"id":1159,"date":"2024-01-15T14:57:03","date_gmt":"2024-01-15T13:57:03","guid":{"rendered":"https:\/\/machepizza.ch\/prodotto\/churros-4pcs\/"},"modified":"2024-12-05T17:33:23","modified_gmt":"2024-12-05T16:33:23","slug":"churros-4pcs","status":"publish","type":"product","link":"https:\/\/machepizza.ch\/fr\/produit\/churros-4pcs\/","title":{"rendered":"Churros (4pcs)"},"content":{"rendered":"<p>Nutella + 0,50.<\/p>\n","protected":false},"excerpt":{"rendered":"<p>Cliquez sur + Nutella pour les recevoir accompagn\u00e9s de Nutella.<\/p>\n","protected":false},"featured_media":3839,"template":"","meta":{"_acf_changed":false,"_seopress_robots_primary_cat":"none","_seopress_titles_title":"","_seopress_titles_desc":"\nChurros disponibles en 4 pi\u00e8ces, s\u00e9lectionnez + Nutella pour les recevoir avec Nutella au prix indiqu\u00e9. Nous vous attendons, commandez maintenant, produits de qualit\u00e9 !","_seopress_robots_index":""},"product_brand":[],"product_cat":[86],"product_tag":[],"class_list":{"0":"post-1159","1":"product","2":"type-product","3":"status-publish","4":"has-post-thumbnail","6":"product_cat-bonbons","8":"first","9":"instock","10":"taxable","11":"shipping-taxable","12":"purchasable","13":"product-type-simple"},"exclude_global_add_ons":[],"addons":[],"acf":[],"jetpack_sharing_enabled":true,"_links":{"self":[{"href":"https:\/\/machepizza.ch\/fr\/wp-json\/wp\/v2\/product\/1159","targetHints":{"allow":["GET"]}}],"collection":[{"href":"https:\/\/machepizza.ch\/fr\/wp-json\/wp\/v2\/product"}],"about":[{"href":"https:\/\/machepizza.ch\/fr\/wp-json\/wp\/v2\/types\/product"}],"version-history":[{"count":0,"href":"https:\/\/machepizza.ch\/fr\/wp-json\/wp\/v2\/product\/1159\/revisions"}],"wp:featuredmedia":[{"embeddable":true,"href":"https:\/\/machepizza.ch\/fr\/wp-json\/wp\/v2\/media\/3839"}],"wp:attachment":[{"href":"https:\/\/machepizza.ch\/fr\/wp-json\/wp\/v2\/media?parent=1159"}],"wp:term":[{"taxonomy":"product_brand","embeddable":true,"href":"https:\/\/machepizza.ch\/fr\/wp-json\/wp\/v2\/product_brand?post=1159"},{"taxonomy":"product_cat","embeddable":true,"href":"https:\/\/machepizza.ch\/fr\/wp-json\/wp\/v2\/product_cat?post=1159"},{"taxonomy":"product_tag","embeddable":true,"href":"https:\/\/machepizza.ch\/fr\/wp-json\/wp\/v2\/product_tag?post=1159"}],"curies":[{"name":"wp","href":"https:\/\/api.w.org\/{rel}","templated":true}]}}